{"id":108,"date":"2022-05-16T13:35:00","date_gmt":"2022-05-16T11:35:00","guid":{"rendered":"https:\/\/www.niho.sk\/?page_id=108"},"modified":"2025-03-25T09:24:19","modified_gmt":"2025-03-25T08:24:19","slug":"tim","status":"publish","type":"page","link":"https:\/\/www.niho.sk\/en\/niho\/tim\/","title":{"rendered":"Team"},"content":{"rendered":"<div class=\"wp-block-group w-100 max-w-100  margin-0 is-layout-flow wp-block-group-is-layout-flow\">\n<div class=\"wp-block-group defaultWidthGroup defaultPaddingGroup is-layout-flow wp-block-group-is-layout-flow\">\n<div class=\"wp-block-columns o-nas-container is-layout-flex wp-container-core-columns-is-layout-28f84493 wp-block-columns-is-layout-flex\">\n<div class=\"wp-block-column is-layout-flow wp-block-column-is-layout-flow\" style=\"flex-basis:66.66%\">\n<h1 class=\"wp-block-heading\"><\/h1>\n\n\n\n<h3 class=\"wp-block-heading\">Acting Director<\/h3>\n\n\n\n<h6 class=\"wp-block-heading\"><strong>prof. PharmDr. Tom\u00e1\u0161 Tesa\u0159, PhD., MPH, MBA<\/strong><\/h6>\n\n\n\n<div style=\"height:20px\" aria-hidden=\"true\" class=\"wp-block-spacer\"><\/div>\n\n\n\n<h3 class=\"wp-block-heading fw-500\">Team<\/h3>\n\n\n<div data-is-block=\"jet-engine\/dynamic-repeater\"class=\"tim-niho-repeater\"><div class=\"jet-listing jet-listing-dynamic-repeater tim-niho-repeater\"><div class=\"jet-listing-dynamic-repeater__items\"><div class=\"jet-listing-dynamic-repeater__item\"><p class=\"title\"><b> JUDr. Katar\u00edna Fedorov\u00e1, PhD., LL.M.<\/b><\/p>\n<p class=\"popis\">Deputy Director<br>Legal Expert<p><\/div><div class=\"jet-listing-dynamic-repeater__item\"><p class=\"title\"><b>Mgr. Luk\u00e1\u0161 \u0160eliga, PhD.<\/b><\/p>\n<p class=\"popis\">Member of management<br>Head of Pharmaco-economic Assessment<p><\/div><div class=\"jet-listing-dynamic-repeater__item\"><p class=\"title\"><b>Mgr. Katar\u00edna Colotkov\u00e1<\/b><\/p>\n<p class=\"popis\">Member of management<br>Head of Assessment of Medical Devices, Special Medical Materials, Dietetic Foods<p><\/div><div class=\"jet-listing-dynamic-repeater__item\"><p class=\"title\"><b>Mgr. Marek Jura\u010dka<\/b><\/p>\n<p class=\"popis\">Member of management<br>Head of European Cooperation<p><\/div><div class=\"jet-listing-dynamic-repeater__item\"><p class=\"title\"><b>Mgr. Katar\u00edna Bratka G\u00e1likov\u00e1<\/b><\/p>\n<p class=\"popis\">Member of management<p><\/div><div class=\"jet-listing-dynamic-repeater__item\"><p class=\"title\"><b>Ing. Zuzana Rakovsk\u00e1<\/b><\/p>\n<p class=\"popis\">Head of the Institute's Office<p><\/div><div class=\"jet-listing-dynamic-repeater__item\"><p class=\"title\"><b>Mgr. Jakub Ivan\u010d\u00edk<\/b><\/p>\n<p class=\"popis\">Institute Office Employee<p><\/div><div class=\"jet-listing-dynamic-repeater__item\"><p class=\"title\"><b>Lucia Grajcarov\u00e1, M.Sc.<\/b><\/p>\n<p class=\"popis\">Researcher<p><\/div><div class=\"jet-listing-dynamic-repeater__item\"><p class=\"title\"><b>Mgr. Viktor Varga, PhD.<\/b><\/p>\n<p class=\"popis\">Researcher<p><\/div><div class=\"jet-listing-dynamic-repeater__item\"><p class=\"title\"><b>RNDr. Jana Zagrapanov\u00e1, PhD.<\/b><\/p>\n<p class=\"popis\">Researcher<p><\/div><div class=\"jet-listing-dynamic-repeater__item\"><p class=\"title\"><b>Mgr. Zuzana Katona, PhD.<\/b><\/p>\n<p class=\"popis\">Researcher<p><\/div><div class=\"jet-listing-dynamic-repeater__item\"><p class=\"title\"><b>Mgr. Ivan Piovar\u010di, PhD.<\/b><\/p>\n<p class=\"popis\">Researcher<p><\/div><div class=\"jet-listing-dynamic-repeater__item\"><p class=\"title\"><b>Mgr. Krist\u00edna Jan\u00e1kov\u00e1, PhD.<\/b><\/p>\n<p class=\"popis\">Researcher<p><\/div><div class=\"jet-listing-dynamic-repeater__item\"><p class=\"title\"><b>Ing. Milan Piro\u0161, PhD.<\/b><\/p>\n<p class=\"popis\">Researcher<p><\/div><div class=\"jet-listing-dynamic-repeater__item\"><p class=\"title\"><b>Mgr. Alena K\u00e1sz \u010cern\u00e1\u010dkov\u00e1, PhD.<\/b><\/p>\n<p class=\"popis\">Researcher<p><\/div><div class=\"jet-listing-dynamic-repeater__item\"><p class=\"title\"><b>Mgr. Daniel Dobrovodsk\u00fd, PhD.<\/b><\/p>\n<p class=\"popis\">Researcher<p><\/div><div class=\"jet-listing-dynamic-repeater__item\"><p class=\"title\"><b>Ing. Jana Jur\u00e1kov\u00e1, PhD.<\/b><\/p>\n<p class=\"popis\">Researcher<p><\/div><div class=\"jet-listing-dynamic-repeater__item\"><p class=\"title\"><b>Bianka Vaga\u010d, M.Sc.<\/b><\/p>\n<p class=\"popis\">Researcher<p><\/div><div class=\"jet-listing-dynamic-repeater__item\"><p class=\"title\"><b>Mgr. Jana Vr\u0165ov\u00e1<\/b><\/p>\n<p class=\"popis\">Researcher<p><\/div><div class=\"jet-listing-dynamic-repeater__item\"><p class=\"title\"><b>Mgr. Erika Morda\u010d\u00edkov\u00e1, PhD.<\/b><\/p>\n<p class=\"popis\">Researcher<p><\/div><div class=\"jet-listing-dynamic-repeater__item\"><p class=\"title\"><b>Mgr. Veronika Medov\u00e1, PhD.<\/b><\/p>\n<p class=\"popis\">Researcher<p><\/div><div class=\"jet-listing-dynamic-repeater__item\"><p class=\"title\"><b>Mgr. Tom\u00e1\u0161 Zem\u00e1nek<\/b><\/p>\n<p class=\"popis\">Researcher<p><\/div><div class=\"jet-listing-dynamic-repeater__item\"><p class=\"title\"><b>Ing. Miroslava Dun\u00e1rov\u00e1<\/b><\/p>\n<p class=\"popis\">Researcher<p><\/div><div class=\"jet-listing-dynamic-repeater__item\"><p class=\"title\"><b>Ing. Ivana Michalkov\u00e1<\/b><\/p>\n<p class=\"popis\">Researcher<p><\/div><div class=\"jet-listing-dynamic-repeater__item\"><p class=\"title\"><b>Mgr. Veronika Oravcov\u00e1<\/b><\/p>\n<p class=\"popis\">Researcher<p><\/div><div class=\"jet-listing-dynamic-repeater__item\"><p class=\"title\"><b>Mgr. Ter\u00e9zia Zaji\u010dkov\u00e1, PhD.<\/b><\/p>\n<p class=\"popis\">Researcher<p><\/div><div class=\"jet-listing-dynamic-repeater__item\"><p class=\"title\"><b>Mgr. Katar\u00edna \u0160kovierov\u00e1, MSc.<\/b><\/p>\n<p class=\"popis\">Researcher<p><\/div><div class=\"jet-listing-dynamic-repeater__item\"><p class=\"title\"><b>Ing. Erika Szomolaiov\u00e1<\/b><\/p>\n<p class=\"popis\">Researcher<p><\/div><div class=\"jet-listing-dynamic-repeater__item\"><p class=\"title\"><b>MUDr. Karol\u00edna Mordehaev<\/b><\/p>\n<p class=\"popis\">Researcher<p><\/div><div class=\"jet-listing-dynamic-repeater__item\"><p class=\"title\"><b>Mgr. Ivana Drastich, PhD. <\/b><\/p>\n<p class=\"popis\">Researcher<p><\/div><div class=\"jet-listing-dynamic-repeater__item\"><p class=\"title\"><b> Mgr. Krist\u00edna Szarkov\u00e1, PhD.<\/b><\/p>\n<p class=\"popis\">Researcher<p><\/div><\/div><\/div><\/div><\/div>\n\n\n\n<div class=\"wp-block-column o-nas-sidebar is-layout-flow wp-block-column-is-layout-flow\" style=\"flex-basis:33.33%\">\n<div class=\"wp-block-group is-layout-flow wp-block-group-is-layout-flow\"><nav class=\"is-vertical wp-block-navigation is-layout-flex wp-container-core-navigation-is-layout-fe9cc265 wp-block-navigation-is-layout-flex\" aria-label=\"Navigation\"><ul class=\"wp-block-navigation__container  is-vertical wp-block-navigation\"><li class=\"wp-block-navigation-item has-child wp-block-navigation-submenu\"><a class=\"wp-block-navigation-item__content\" href=\"https:\/\/www.niho.sk\/en\/niho\/\"><span class=\"wp-block-navigation-item__label\">NIHO<\/span><\/a><ul class=\"wp-block-navigation__submenu-container wp-block-navigation-submenu\"><li class=\"wp-block-navigation-item wp-block-navigation-link\"><a class=\"wp-block-navigation-item__content\"  href=\"https:\/\/www.niho.sk\/en\/niho\/legislativny-ramec\/\"><span class=\"wp-block-navigation-item__label\">The legislative framework<\/span><\/a><\/li><li class=\"wp-block-navigation-item wp-block-navigation-link\"><a class=\"wp-block-navigation-item__content\"  href=\"https:\/\/www.niho.sk\/en\/niho-institut\/tim\/\"><span class=\"wp-block-navigation-item__label\">Team<\/span><\/a><\/li><li class=\"wp-block-navigation-item wp-block-navigation-link\"><a class=\"wp-block-navigation-item__content\"  href=\"https:\/\/www.niho.sk\/en\/niho-institut\/organy-institutu\/\"><span class=\"wp-block-navigation-item__label\">Bodies of the Institute<\/span><\/a><\/li><\/ul><\/li><li class=\"wp-block-navigation-item wp-block-navigation-link\"><a class=\"wp-block-navigation-item__content\"  href=\"https:\/\/www.niho.sk\/en\/co-je-hta\/\"><span class=\"wp-block-navigation-item__label\">What is HTA<\/span><\/a><\/li><li class=\"wp-block-navigation-item has-child wp-block-navigation-submenu\"><a class=\"wp-block-navigation-item__content\"><span class=\"wp-block-navigation-item__label\">Task of NIHO<\/span><\/a><ul class=\"wp-block-navigation__submenu-container wp-block-navigation-submenu\"><li class=\"wp-block-navigation-item wp-block-navigation-link\"><a class=\"wp-block-navigation-item__content\"  href=\"https:\/\/www.niho.sk\/en\/ako-funguje-system-na-slovensku\/\"><span class=\"wp-block-navigation-item__label\">How does the system of health technology reimbursement work in Slovakia?<\/span><\/a><\/li><li class=\"wp-block-navigation-item wp-block-navigation-link\"><a class=\"wp-block-navigation-item__content\"  href=\"https:\/\/www.niho.sk\/en\/ulohy-niho\/hlavna-uloha-a-dalsie-ulohy-niho\/\"><span class=\"wp-block-navigation-item__label\">The main task and future tasks of NIHO<\/span><\/a><\/li><\/ul><\/li><li class=\"wp-block-navigation-item wp-block-navigation-link\"><a class=\"wp-block-navigation-item__content\"  href=\"https:\/\/www.niho.sk\/en\/pracovna-metoda\/\"><span class=\"wp-block-navigation-item__label\">Methods<\/span><\/a><\/li><li class=\"wp-block-navigation-item wp-block-navigation-link\"><a class=\"wp-block-navigation-item__content\"  href=\"https:\/\/www.niho.sk\/en\/partnerske-organizacie\/\"><span class=\"wp-block-navigation-item__label\">Partner organizations<\/span><\/a><\/li><\/ul><\/nav><\/div>\n<\/div>\n<\/div>\n<\/div>\n<\/div>","protected":false},"excerpt":{"rendered":"<p>Poveren\u00fd riadite\u013e prof. PharmDr. Tom\u00e1\u0161 Tesa\u0159, PhD., MPH, MBA T\u00edm<\/p>","protected":false},"author":1,"featured_media":0,"parent":104,"menu_order":0,"comment_status":"closed","ping_status":"closed","template":"","meta":{"inline_featured_image":false,"footnotes":""},"class_list":["post-108","page","type-page","status-publish","hentry"],"_links":{"self":[{"href":"https:\/\/www.niho.sk\/en\/wp-json\/wp\/v2\/pages\/108","targetHints":{"allow":["GET"]}}],"collection":[{"href":"https:\/\/www.niho.sk\/en\/wp-json\/wp\/v2\/pages"}],"about":[{"href":"https:\/\/www.niho.sk\/en\/wp-json\/wp\/v2\/types\/page"}],"author":[{"embeddable":true,"href":"https:\/\/www.niho.sk\/en\/wp-json\/wp\/v2\/users\/1"}],"replies":[{"embeddable":true,"href":"https:\/\/www.niho.sk\/en\/wp-json\/wp\/v2\/comments?post=108"}],"version-history":[{"count":0,"href":"https:\/\/www.niho.sk\/en\/wp-json\/wp\/v2\/pages\/108\/revisions"}],"up":[{"embeddable":true,"href":"https:\/\/www.niho.sk\/en\/wp-json\/wp\/v2\/pages\/104"}],"wp:attachment":[{"href":"https:\/\/www.niho.sk\/en\/wp-json\/wp\/v2\/media?parent=108"}],"curies":[{"name":"wp","href":"https:\/\/api.w.org\/{rel}","templated":true}]}}