{"id":158,"date":"2022-05-16T15:41:04","date_gmt":"2022-05-16T13:41:04","guid":{"rendered":"https:\/\/www.niho.sk\/?page_id=158"},"modified":"2025-10-29T13:33:24","modified_gmt":"2025-10-29T12:33:24","slug":"participacia","status":"publish","type":"page","link":"https:\/\/www.niho.sk\/en\/participacia\/","title":{"rendered":"Participation"},"content":{"rendered":"\n<div class=\"wp-block-group w-100 max-w-100  margin-0 is-layout-flow wp-block-group-is-layout-flow\">\n<div class=\"wp-block-group defaultWidthGroup defaultPaddingGroup is-layout-flow wp-block-group-is-layout-flow\">\n<h1 class=\"wp-block-heading\">Particip\u00e1cia<\/h1>\n\n\n\n<h2 class=\"wp-block-heading padding-top-20\">Pre\u010do je particip\u00e1cia potrebn\u00e1?<\/h2>\n\n\n\n<p>Pre skuto\u010dne komplexn\u00e9 hodnotenie technol\u00f3gi\u00ed je nevyhnutn\u00e9 zapojenie klinick\u00fdch odborn\u00edkov a&nbsp;pacientov. Odborn\u00edci, ktor\u00ed s&nbsp;danou technol\u00f3giou bud\u00fa pracova\u0165 alebo u\u017e s&nbsp;\u0148ou pracuj\u00fa, \u010dasto prines\u00fa nov\u00fd poh\u013ead a&nbsp;mnoho inform\u00e1ci\u00ed z&nbsp;praxe o&nbsp;lie\u010den\u00ed konkr\u00e9tnej diagn\u00f3zy \u010di o&nbsp;skuto\u010dnej realite v&nbsp;ter\u00e9ne. Pacientsk\u00fd poh\u013ead je neodmyslite\u013en\u00fd, preto\u017ee pr\u00e1ve pacienti a&nbsp;ich dobro je cie\u013eom sna\u017eenia v zdravotn\u00edctve. Pacienti neraz inak hodnotia, \u010do je pre nich podstatn\u00e9; ak\u00e9 pr\u00edznaky im skuto\u010dne prek\u00e1\u017eaj\u00fa, pr\u00edpadne i naopak.<\/p>\n\n\n\n<h2 class=\"wp-block-heading padding-top-20\">Partneri NIHO a \u0160\u00daKL<\/h2>\n\n\n\n<p>Na z\u00e1klade dohody so \u0160t\u00e1tnym \u00fastavom pre kontrolu lie\u010div (\u0160\u00daKL) pon\u00fakame mo\u017enos\u0165 pacientskym organiz\u00e1ci\u00e1m sa sta\u0165 partnermi NIHO a \u0160\u00daKL. Cie\u013eom NIHO je pacientov za ich vstupy do hodnoten\u00ed honorova\u0165 a&nbsp;aj preto je potrebn\u00e9 nastavi\u0165 podmienky za ktor\u00fdch m\u00f4\u017ee by\u0165 pacientska organiz\u00e1cia do zoznamu zaraden\u00e1. Ak je pacientska organiz\u00e1cia partnerom NIHO a&nbsp;\u0160\u00daKL, NIHO ju za relevantn\u00fd vstup do hodnotenia odteraz m\u00f4\u017ee honorova\u0165. Na zaradenie sa do zoznamu pacientskych organiz\u00e1ci\u00ed spolupracuj\u00facich s&nbsp;NIHO a \u0160\u00daKL je potrebn\u00e9 vyplni\u0165 \u017diados\u0165 o&nbsp;zaradenie, ktor\u00e1 je zverejnen\u00e1 ni\u017e\u0161ie spolu so samotn\u00fdm zoznamom partnerov NIHO a \u0160\u00daKL. Pacientska organiz\u00e1cia mus\u00ed sp\u013a\u0148a\u0165 nasledovn\u00e9 podmienky:<\/p>\n\n\n\n<p>a) je neziskov\u00e1 organiz\u00e1cia, ktor\u00e1 sa zameriava na pacientov a ich bl\u00edzkych, ochra\u0148uje ich pr\u00e1va, presadzuje ich potreby a z\u00e1ujmy a z\u00e1rove\u0148 v riadiacich org\u00e1noch s\u00fa zast\u00fapen\u00ed pacienti alebo ich bl\u00edzke osoby, resp. ich z\u00e1konn\u00ed z\u00e1stupcovia v pr\u00edpade, ak pacienti nie s\u00fa schopn\u00ed zastupova\u0165 sami seba,<br><\/p>\n\n\n\n<p>b) \u010dlenmi organiz\u00e1cie s\u00fa: <br> i. osoby s ur\u010dit\u00fdm ochoren\u00edm alebo zdravotn\u00fdmi probl\u00e9mami, ako aj ich bl\u00edzke osoby alebo ich z\u00e1stupcovia pod\u013ea ob\u010dianskeho z\u00e1konn\u00edka, alebo, <br> ii. zdru\u017eenia\/spolky, ktor\u00fdch \u010dlenmi s\u00fa zdru\u017eenia\/spolky, ktor\u00e9 spl\u0148uj\u00fa body a) a b) i.,<br><\/p>\n\n\n\n<p>c) vykon\u00e1 svoju hlavn\u00fa \u010dinnos\u0165 najmenej 12 mesiacov.<\/p>\n\n\n\n<h2 class=\"wp-block-heading padding-top-20\">Konflikt z\u00e1ujmov<\/h2>\n\n\n\n<p>V&nbsp;procese hodnotenia je ve\u013emi d\u00f4le\u017eit\u00e1 nezaujatos\u0165 a absencia konfliktu z\u00e1ujmov. \u010co presne je pova\u017eovan\u00e9 za konflikt z\u00e1ujmov je definovan\u00e9 <a href=\"https:\/\/www.eunethta.eu\/wp-content\/uploads\/2019\/11\/EUnetHTA-Procedure-Guidelines-DOI.pdf\" data-type=\"URL\" data-id=\"https:\/\/www.eunethta.eu\/wp-content\/uploads\/2019\/11\/EUnetHTA-Procedure-Guidelines-DOI.pdf\" target=\"_blank\" rel=\"noreferrer noopener\">metodikou EUnetHTA<\/a>. Ide o situ\u00e1ciu, ke\u010f jednotlivec alebo organiz\u00e1cia vykon\u00e1va \u010dinnosti, za ktor\u00e9 od&nbsp;v\u00fdrobcu\/dr\u017eite\u013ea registr\u00e1cie hodnotenej zdravotn\u00edckej technol\u00f3gie dost\u00e1va finan\u010dn\u00fa alebo nefinan\u010dn\u00fa odmenu.<\/p>\n\n\n\n<p>Aby mohol by\u0165 konkr\u00e9tny vstup odborn\u00edka alebo pacienta zahrnut\u00fd do hodnotenia, autor predmetn\u00e9ho vstupu k&nbsp;nemu mus\u00ed predlo\u017ei\u0165 prehl\u00e1senie, v&nbsp;ktorom pop\u00ed\u0161e svoje potenci\u00e1lne konflikty z\u00e1ujmov.<\/p>\n\n\n\n<h2 class=\"wp-block-heading padding-top-20\">Ako participova\u0165 na hodnoten\u00ed technol\u00f3gie<\/h2>\n\n\n\n<p>V&nbsp;prvej f\u00e1ze hodnotenia NIHO vypracuje ozn\u00e1menie o hodnoten\u00ed technol\u00f3gie v sekcii \u201eRozpracovan\u00e9 projekty\u201c. V ozn\u00e1men\u00ed je zhrnut\u00fd predmet hodnotenia \u2013 hodnoten\u00e1 technol\u00f3gia, jej indik\u00e1cie a pacientska popul\u00e1cia (diagn\u00f3za), pre ktor\u00fa je ur\u010den\u00e1.<\/p>\n\n\n\n<p>Odborn\u00e1 verejnos\u0165 a&nbsp;pacienti m\u00f4\u017eu zasiela\u0165 svoje podnety do 14 kalend\u00e1rnych dn\u00ed od ozn\u00e1menia o hodnoten\u00ed.<\/p>\n\n\n<div class=\"jet-listing-grid--blocks  listing_participacia\"data-element-id=\"bace64ed-527f-4442-8717-d7b53d2e410a\"data-listing-type=\"blocks\"data-is-block=\"jet-engine\/listing-grid\"><div class=\"jet-listing-grid jet-listing\"><div class=\"jet-listing-grid__items grid-col-desk-1 grid-col-tablet-1 grid-col-mobile-1 jet-listing-grid--2031\" data-queried-id=\"158|WP_Post\" data-cct-slug=\"patricipacia\" data-nav=\"{&quot;enabled&quot;:false,&quot;type&quot;:null,&quot;more_el&quot;:null,&quot;query&quot;:[],&quot;widget_settings&quot;:{&quot;lisitng_id&quot;:2031,&quot;posts_num&quot;:999,&quot;columns&quot;:1,&quot;columns_tablet&quot;:1,&quot;columns_mobile&quot;:1,&quot;column_min_width&quot;:240,&quot;column_min_width_tablet&quot;:240,&quot;column_min_width_mobile&quot;:240,&quot;inline_columns_css&quot;:true,&quot;is_archive_template&quot;:&quot;&quot;,&quot;post_status&quot;:[&quot;publish&quot;],&quot;use_random_posts_num&quot;:&quot;&quot;,&quot;max_posts_num&quot;:6,&quot;not_found_message&quot;:&quot;No data was found&quot;,&quot;is_masonry&quot;:false,&quot;equal_columns_height&quot;:&quot;&quot;,&quot;use_load_more&quot;:&quot;&quot;,&quot;load_more_id&quot;:&quot;&quot;,&quot;load_more_type&quot;:&quot;click&quot;,&quot;load_more_offset&quot;:null,&quot;use_custom_post_types&quot;:&quot;&quot;,&quot;custom_post_types&quot;:[],&quot;hide_widget_if&quot;:&quot;&quot;,&quot;carousel_enabled&quot;:&quot;&quot;,&quot;slides_to_scroll&quot;:1,&quot;arrows&quot;:true,&quot;arrow_icon&quot;:&quot;fa fa-angle-left&quot;,&quot;dots&quot;:&quot;&quot;,&quot;autoplay&quot;:true,&quot;pause_on_hover&quot;:true,&quot;autoplay_speed&quot;:5000,&quot;infinite&quot;:true,&quot;center_mode&quot;:&quot;&quot;,&quot;effect&quot;:&quot;slide&quot;,&quot;speed&quot;:500,&quot;inject_alternative_items&quot;:&quot;&quot;,&quot;injection_items&quot;:[],&quot;scroll_slider_enabled&quot;:&quot;&quot;,&quot;scroll_slider_on&quot;:[&quot;desktop&quot;,&quot;tablet&quot;,&quot;mobile&quot;],&quot;custom_query&quot;:false,&quot;custom_query_id&quot;:&quot;&quot;,&quot;_element_id&quot;:&quot;&quot;,&quot;collapse_first_last_gap&quot;:false,&quot;list_tag_selection&quot;:&quot;&quot;,&quot;list_items_wrapper_tag&quot;:&quot;div&quot;,&quot;list_item_tag&quot;:&quot;div&quot;,&quot;empty_items_wrapper_tag&quot;:&quot;div&quot;}}\" data-page=\"1\" data-pages=\"1\" data-listing-source=\"custom_content_type\" data-listing-id=\"2031\" data-query-id=\"\"><div class=\"jet-listing-grid__item jet-listing-dynamic-post-10\" data-post-id=\"10\"  >\n<div class=\"wp-block-group is-vertical is-layout-flex wp-container-core-group-is-layout-fe9cc265 wp-block-group-is-layout-flex\"><div class=\"jet-listing-dynamic-field-block participacia_dynamic_field_new\"data-is-block=\"jet-engine\/dynamic-field\"><div class=\"jet-listing jet-listing-dynamic-field participacia_dynamic_field_new display-inline\"><div class=\"jet-listing-dynamic-field__inline-wrap\"><div class=\"jet-listing-dynamic-field__content\" ><div class='custom-file-link'><span><a href=\"https:\/\/www.niho.sk\/wp-content\/uploads\/2024\/08\/Ziadost-o-zaradenie-do-zoznamu-spolupracujucich-pacientskych-organizacii.docx\" download>\n\t\t\t\t\t\t<span>\u017diados\u0165 o zaradenie do zoznamu spolupracuj\u00facich pacientskych organiz\u00e1ci\u00ed<\/span>\n\t\t\t\t\t\t<span>DOCX | 47 KB<\/span>\n\t\t\t\t\t<\/a><\/span><\/div> <\/div><\/div><\/div><\/div><\/div>\n<\/div><div class=\"jet-listing-grid__item jet-listing-dynamic-post-6\" data-post-id=\"6\"  >\n<div class=\"wp-block-group is-vertical is-layout-flex wp-container-core-group-is-layout-fe9cc265 wp-block-group-is-layout-flex\"><div class=\"jet-listing-dynamic-field-block participacia_dynamic_field_new\"data-is-block=\"jet-engine\/dynamic-field\"><div class=\"jet-listing jet-listing-dynamic-field participacia_dynamic_field_new display-inline\"><div class=\"jet-listing-dynamic-field__inline-wrap\"><div class=\"jet-listing-dynamic-field__content\" ><div class='custom-file-link'><span><a href=\"https:\/\/www.niho.sk\/wp-content\/uploads\/2022\/10\/Vstup-pacientskej-organizacie.docx\" download>\n\t\t\t\t\t\t<span>Vstup pacientskej organiz\u00e1cie<\/span>\n\t\t\t\t\t\t<span>DOCX | 953 KB<\/span>\n\t\t\t\t\t<\/a><\/span><\/div> <\/div><\/div><\/div><\/div><\/div>\n<\/div><div class=\"jet-listing-grid__item jet-listing-dynamic-post-5\" data-post-id=\"5\"  >\n<div class=\"wp-block-group is-vertical is-layout-flex wp-container-core-group-is-layout-fe9cc265 wp-block-group-is-layout-flex\"><div class=\"jet-listing-dynamic-field-block participacia_dynamic_field_new\"data-is-block=\"jet-engine\/dynamic-field\"><div class=\"jet-listing jet-listing-dynamic-field participacia_dynamic_field_new display-inline\"><div class=\"jet-listing-dynamic-field__inline-wrap\"><div class=\"jet-listing-dynamic-field__content\" ><div class='custom-file-link'><span><a href=\"https:\/\/www.niho.sk\/wp-content\/uploads\/2022\/10\/Vstup_odbornikov.docx\" download>\n\t\t\t\t\t\t<span>Vstup odborn\u00edkov<\/span>\n\t\t\t\t\t\t<span>DOCX | 954 KB<\/span>\n\t\t\t\t\t<\/a><\/span><\/div> <\/div><\/div><\/div><\/div><\/div>\n<\/div><div class=\"jet-listing-grid__item jet-listing-dynamic-post-4\" data-post-id=\"4\"  >\n<div class=\"wp-block-group is-vertical is-layout-flex wp-container-core-group-is-layout-fe9cc265 wp-block-group-is-layout-flex\"><div class=\"jet-listing-dynamic-field-block participacia_dynamic_field_new\"data-is-block=\"jet-engine\/dynamic-field\"><div class=\"jet-listing jet-listing-dynamic-field participacia_dynamic_field_new display-inline\"><div class=\"jet-listing-dynamic-field__inline-wrap\"><div class=\"jet-listing-dynamic-field__content\" ><div class='custom-file-link'><span><a href=\"https:\/\/www.niho.sk\/wp-content\/uploads\/2025\/03\/zoznam-partnerov-NIHO-a-SUKL-1.xlsx\" download>\n\t\t\t\t\t\t<span>Zoznam partnerov NIHO a \u0160\u00daKL<\/span>\n\t\t\t\t\t\t<span>XLSX | 14 KB<\/span>\n\t\t\t\t\t<\/a><\/span><\/div> <\/div><\/div><\/div><\/div><\/div>\n<\/div><div class=\"jet-listing-grid__item jet-listing-dynamic-post-2\" data-post-id=\"2\"  >\n<div class=\"wp-block-group is-vertical is-layout-flex wp-container-core-group-is-layout-fe9cc265 wp-block-group-is-layout-flex\"><div class=\"jet-listing-dynamic-field-block participacia_dynamic_field_new\"data-is-block=\"jet-engine\/dynamic-field\"><div class=\"jet-listing jet-listing-dynamic-field participacia_dynamic_field_new display-inline\"><div class=\"jet-listing-dynamic-field__inline-wrap\"><div class=\"jet-listing-dynamic-field__content\" ><div class='custom-file-link'><span><a href=\"https:\/\/www.niho.sk\/wp-content\/uploads\/2025\/09\/Vyhlasenie-o-konflikte-zaujmov.docx\" download>\n\t\t\t\t\t\t<span>Vyhlasenie-o-konflikte-zaujmov<\/span>\n\t\t\t\t\t\t<span>DOCX | 948 KB<\/span>\n\t\t\t\t\t<\/a><\/span><\/div> <\/div><\/div><\/div><\/div><\/div>\n<\/div><style type=\"text\/css\" id=\"jet-listing-grid-2031-styles\">.jet-listing-grid--2031 .wp-container-core-group-is-layout-fe9cc265{flex-direction:column;align-items:flex-start;}<\/style><\/div><\/div><\/div>\n\n<div class=\"jet-listing-grid--blocks  listing_participacia_en\"data-element-id=\"481e0f4c-3ee0-4a56-b7fa-aa7b87b59782\"data-listing-type=\"blocks\"data-is-block=\"jet-engine\/listing-grid\"><div class=\"jet-listing-grid jet-listing\"><div class=\"jet-listing-grid__items grid-col-desk-1 grid-col-tablet-1 grid-col-mobile-1 jet-listing-grid--2043\" data-queried-id=\"158|WP_Post\" data-cct-slug=\"patricipacia\" data-nav=\"{&quot;enabled&quot;:false,&quot;type&quot;:null,&quot;more_el&quot;:null,&quot;query&quot;:[],&quot;widget_settings&quot;:{&quot;lisitng_id&quot;:2043,&quot;posts_num&quot;:999,&quot;columns&quot;:1,&quot;columns_tablet&quot;:1,&quot;columns_mobile&quot;:1,&quot;column_min_width&quot;:240,&quot;column_min_width_tablet&quot;:240,&quot;column_min_width_mobile&quot;:240,&quot;inline_columns_css&quot;:true,&quot;is_archive_template&quot;:&quot;&quot;,&quot;post_status&quot;:[&quot;publish&quot;],&quot;use_random_posts_num&quot;:&quot;&quot;,&quot;max_posts_num&quot;:6,&quot;not_found_message&quot;:&quot;No data was found&quot;,&quot;is_masonry&quot;:false,&quot;equal_columns_height&quot;:&quot;&quot;,&quot;use_load_more&quot;:&quot;&quot;,&quot;load_more_id&quot;:&quot;&quot;,&quot;load_more_type&quot;:&quot;click&quot;,&quot;load_more_offset&quot;:null,&quot;use_custom_post_types&quot;:&quot;&quot;,&quot;custom_post_types&quot;:[],&quot;hide_widget_if&quot;:&quot;&quot;,&quot;carousel_enabled&quot;:&quot;&quot;,&quot;slides_to_scroll&quot;:1,&quot;arrows&quot;:true,&quot;arrow_icon&quot;:&quot;fa fa-angle-left&quot;,&quot;dots&quot;:&quot;&quot;,&quot;autoplay&quot;:true,&quot;pause_on_hover&quot;:true,&quot;autoplay_speed&quot;:5000,&quot;infinite&quot;:true,&quot;center_mode&quot;:&quot;&quot;,&quot;effect&quot;:&quot;slide&quot;,&quot;speed&quot;:500,&quot;inject_alternative_items&quot;:&quot;&quot;,&quot;injection_items&quot;:[],&quot;scroll_slider_enabled&quot;:&quot;&quot;,&quot;scroll_slider_on&quot;:[&quot;desktop&quot;,&quot;tablet&quot;,&quot;mobile&quot;],&quot;custom_query&quot;:false,&quot;custom_query_id&quot;:&quot;&quot;,&quot;_element_id&quot;:&quot;&quot;,&quot;collapse_first_last_gap&quot;:false,&quot;list_tag_selection&quot;:&quot;&quot;,&quot;list_items_wrapper_tag&quot;:&quot;div&quot;,&quot;list_item_tag&quot;:&quot;div&quot;,&quot;empty_items_wrapper_tag&quot;:&quot;div&quot;}}\" data-page=\"1\" data-pages=\"1\" data-listing-source=\"custom_content_type\" data-listing-id=\"2043\" data-query-id=\"\"><div class=\"jet-listing-grid__item jet-listing-dynamic-post-10\" data-post-id=\"10\"  ><div class=\"jet-listing-dynamic-field-block participacia_dynamic_field_new\"data-is-block=\"jet-engine\/dynamic-field\"><\/div><\/div><div class=\"jet-listing-grid__item jet-listing-dynamic-post-6\" data-post-id=\"6\"  ><div class=\"jet-listing-dynamic-field-block participacia_dynamic_field_new\"data-is-block=\"jet-engine\/dynamic-field\"><\/div><\/div><div class=\"jet-listing-grid__item jet-listing-dynamic-post-5\" data-post-id=\"5\"  ><div class=\"jet-listing-dynamic-field-block participacia_dynamic_field_new\"data-is-block=\"jet-engine\/dynamic-field\"><\/div><\/div><div class=\"jet-listing-grid__item jet-listing-dynamic-post-4\" data-post-id=\"4\"  ><div class=\"jet-listing-dynamic-field-block participacia_dynamic_field_new\"data-is-block=\"jet-engine\/dynamic-field\"><div class=\"jet-listing jet-listing-dynamic-field participacia_dynamic_field_new display-inline\"><div class=\"jet-listing-dynamic-field__inline-wrap\"><div class=\"jet-listing-dynamic-field__content\" ><div class='custom-file-link'><span><a href=\"https:\/\/www.niho.sk\/wp-content\/uploads\/2025\/03\/zoznam-partnerov-NIHO-a-SUKL-1.xlsx\" download>\n\t\t\t\t\t\t<span>Zoznam partnerov NIHO a \u0160\u00daKL<\/span>\n\t\t\t\t\t\t<span>XLSX | 14 KB<\/span>\n\t\t\t\t\t<\/a><\/span><\/div><\/div><\/div><\/div><\/div><\/div><div class=\"jet-listing-grid__item jet-listing-dynamic-post-2\" data-post-id=\"2\"  ><div class=\"jet-listing-dynamic-field-block participacia_dynamic_field_new\"data-is-block=\"jet-engine\/dynamic-field\"><div class=\"jet-listing jet-listing-dynamic-field participacia_dynamic_field_new display-inline\"><div class=\"jet-listing-dynamic-field__inline-wrap\"><div class=\"jet-listing-dynamic-field__content\" ><div class='custom-file-link'><span><a href=\"https:\/\/www.niho.sk\/wp-content\/uploads\/2025\/09\/Vyhlasenie-o-konflikte-zaujmov.docx\" download>\n\t\t\t\t\t\t<span>Vyhlasenie-o-konflikte-zaujmov<\/span>\n\t\t\t\t\t\t<span>DOCX | 948 KB<\/span>\n\t\t\t\t\t<\/a><\/span><\/div><\/div><\/div><\/div><\/div><\/div><style type=\"text\/css\" id=\"jet-listing-grid-2043-styles\">.jet-listing-grid--2043 .wp-container-core-group-is-layout-fe9cc265{flex-direction:column;align-items:flex-start;}.jet-listing-grid--2043 .wp-container-core-group-is-layout-fe9cc265{flex-direction:column;align-items:flex-start;}<\/style><\/div><\/div><\/div>\n\n\n<p class=\"padding-top-20\">Particip\u00e1ciu spolu s&nbsp;vyhl\u00e1sen\u00edm o&nbsp;konflikte z\u00e1ujmov za\u0161lite pros\u00edm do term\u00ednu uvedenom pri konkr\u00e9tnom hodnoten\u00ed v&nbsp;sekcii <a href=\"https:\/\/niho.sk\/rozpracovane-projekty\/\">Rozpracovan\u00e9 projekty<\/a> na adresu <a href=\"mailto:kancelaria@niho.sk\" target=\"_blank\" rel=\"noreferrer noopener\">kancelaria@niho.sk<\/a>.<\/p>\n<\/div>\n<\/div>\n","protected":false},"excerpt":{"rendered":"<p>Particip\u00e1cia Pre\u010do je particip\u00e1cia potrebn\u00e1? Pre skuto\u010dne komplexn\u00e9 hodnotenie technol\u00f3gi\u00ed je nevyhnutn\u00e9 zapojenie klinick\u00fdch odborn\u00edkov a&nbsp;pacientov. Odborn\u00edci, ktor\u00ed s&nbsp;danou technol\u00f3giou bud\u00fa pracova\u0165 alebo u\u017e s&nbsp;\u0148ou pracuj\u00fa, \u010dasto prines\u00fa nov\u00fd poh\u013ead a&nbsp;mnoho inform\u00e1ci\u00ed z&nbsp;praxe o&nbsp;lie\u010den\u00ed konkr\u00e9tnej diagn\u00f3zy \u010di o&nbsp;skuto\u010dnej realite v&nbsp;ter\u00e9ne. Pacientsk\u00fd poh\u013ead je neodmyslite\u013en\u00fd, preto\u017ee pr\u00e1ve pacienti a&nbsp;ich dobro je cie\u013eom sna\u017eenia v zdravotn\u00edctve. Pacienti [&hellip;]<\/p>\n","protected":false},"author":1,"featured_media":0,"parent":0,"menu_order":0,"comment_status":"closed","ping_status":"closed","template":"","meta":{"inline_featured_image":false,"footnotes":""},"class_list":["post-158","page","type-page","status-publish","hentry"],"_links":{"self":[{"href":"https:\/\/www.niho.sk\/en\/wp-json\/wp\/v2\/pages\/158","targetHints":{"allow":["GET"]}}],"collection":[{"href":"https:\/\/www.niho.sk\/en\/wp-json\/wp\/v2\/pages"}],"about":[{"href":"https:\/\/www.niho.sk\/en\/wp-json\/wp\/v2\/types\/page"}],"author":[{"embeddable":true,"href":"https:\/\/www.niho.sk\/en\/wp-json\/wp\/v2\/users\/1"}],"replies":[{"embeddable":true,"href":"https:\/\/www.niho.sk\/en\/wp-json\/wp\/v2\/comments?post=158"}],"version-history":[{"count":1,"href":"https:\/\/www.niho.sk\/en\/wp-json\/wp\/v2\/pages\/158\/revisions"}],"predecessor-version":[{"id":3146,"href":"https:\/\/www.niho.sk\/en\/wp-json\/wp\/v2\/pages\/158\/revisions\/3146"}],"wp:attachment":[{"href":"https:\/\/www.niho.sk\/en\/wp-json\/wp\/v2\/media?parent=158"}],"curies":[{"name":"wp","href":"https:\/\/api.w.org\/{rel}","templated":true}]}}